{"id":565,"date":"2025-09-11T00:06:56","date_gmt":"2025-09-10T21:06:56","guid":{"rendered":"https:\/\/onalotomasyon.com\/?page_id=565"},"modified":"2025-09-11T01:21:04","modified_gmt":"2025-09-10T22:21:04","slug":"silo-seviye-tespit","status":"publish","type":"page","link":"https:\/\/onalotomasyon.com\/index.php\/hizmetlerimiz\/silo-seviye-tespit\/","title":{"rendered":"Silo Seviye Tespit Sistemleri"},"content":{"rendered":"\t\t<div data-elementor-type=\"wp-page\" data-elementor-id=\"565\" class=\"elementor elementor-565\">\n\t\t\t\t<div class=\"elementor-element elementor-element-a159b1f e-flex e-con-boxed e-con e-parent\" data-id=\"a159b1f\" data-element_type=\"container\" data-e-type=\"container\">\n\t\t\t\t\t<div class=\"e-con-inner\">\n\t\t\t\t<div class=\"elementor-element elementor-element-fca8d19 elementor-widget elementor-widget-image\" data-id=\"fca8d19\" data-element_type=\"widget\" data-e-type=\"widget\" data-widget_type=\"image.default\">\n\t\t\t\t<div class=\"elementor-widget-container\">\n\t\t\t\t\t\t\t\t\t\t\t\t\t\t\t<img fetchpriority=\"high\" decoding=\"async\" width=\"683\" height=\"1024\" src=\"https:\/\/onalotomasyon.com\/wp-content\/uploads\/2025\/09\/3d1f8f25-d7d8-4fb1-9e9c-02a9f48e4dd3-8.png\" class=\"attachment-large size-large wp-image-575\" alt=\"Silo Seviye Tespit Sistemleri\" \/>\t\t\t\t\t\t\t\t\t\t\t\t\t\t\t<\/div>\n\t\t\t\t<\/div>\n\t\t\t\t\t<\/div>\n\t\t\t\t<\/div>\n\t\t<div class=\"elementor-element elementor-element-7dbbb40 e-flex e-con-boxed e-con e-parent\" data-id=\"7dbbb40\" data-element_type=\"container\" data-e-type=\"container\">\n\t\t\t\t\t<div class=\"e-con-inner\">\n\t\t\t\t<div class=\"elementor-element elementor-element-4d6f111 elementor-widget elementor-widget-text-editor\" data-id=\"4d6f111\" data-element_type=\"widget\" data-e-type=\"widget\" data-widget_type=\"text-editor.default\">\n\t\t\t\t<div class=\"elementor-widget-container\">\n\t\t\t\t\t\t\t\t\t<h2 data-start=\"274\" data-end=\"336\">\u00a0<\/h2><h2 data-start=\"274\" data-end=\"336\">Silo Seviye Tespit Sistemleri: Verimli Depolaman\u0131n Anahtar\u0131<\/h2><p data-start=\"338\" data-end=\"631\">G\u0131da g\u00fcvenli\u011finden lojisti\u011fe, tah\u0131l depolamadan \u00fcretim planlamas\u0131na kadar tar\u0131m end\u00fcstrisinde silo seviye tespit sistemleri kritik bir rol \u00fcstlenir. Bu sistemler, silolardaki malzeme (\u00f6rne\u011fin tah\u0131l) seviyesini s\u00fcrekli izleyerek, kay\u0131plar\u0131 minimize etmeye ve verimlili\u011fi art\u0131rmaya katk\u0131 sa\u011flar.<\/p><h3 data-start=\"633\" data-end=\"653\">\u00a0<\/h3><h3 data-start=\"633\" data-end=\"653\">Neden \u00d6nemlidir?<\/h3><p data-start=\"654\" data-end=\"1044\">Silo seviye tespit sistemleri; \u00f6l\u00e7\u00fcm ve kontrol sistemlerinin dijitalle\u015fmesi, otomasyon ve veri odakl\u0131 tar\u0131m teknolojileri sayesinde modern depolama \u00e7\u00f6z\u00fcmlerinin vazge\u00e7ilmez par\u00e7as\u0131 haline gelmi\u015ftir. Bu sistemler sayesinde silolara ne kadar \u00fcr\u00fcn oldu\u011funu g\u00f6rmek, doluluk oran\u0131na g\u00f6re lojistik planlama yapmak ve riskleri \u00f6nceden fark etmek m\u00fcmk\u00fcn olur.<\/p><h3 data-start=\"1046\" data-end=\"1082\">\u00a0<\/h3><h3 data-start=\"1046\" data-end=\"1082\">D\u00fcnya\u2019da ve T\u00fcrkiye\u2019de Kullan\u0131m\u0131<\/h3><p data-start=\"1083\" data-end=\"1380\">Geli\u015fmi\u015f veya geli\u015fmekte olan bir\u00e7ok \u00fclkede, silo izleme sistemleri IoT (Nesnelerin \u0130nterneti) teknolojisi ile entegre edilerek ger\u00e7ek zamanl\u0131 kontrol ve izleme imk\u00e2n\u0131 sunar. Bu sayede s\u0131cakl\u0131k, nem ve seviye gibi kritik parametreler uzaktan takip edilebilir.<\/p><p data-start=\"1382\" data-end=\"1621\">T\u00fcrkiye\u2019de de benzer teknolojik \u00e7al\u0131\u015fmalar mevcuttur. ARGEK\u0130P gibi yerli firmalar, silo seviye de\u011filse bile silo takip sistemleri geli\u015ftirerek \u0131s\u0131, nem gibi verileri uzaktan izlenebilir hale getirir.<\/p><p data-start=\"1382\" data-end=\"1621\">\u00a0<\/p><h3 data-start=\"2431\" data-end=\"2467\">Kullan\u0131m Alanlar\u0131 ve Avantajlar\u0131<\/h3><ul data-start=\"2468\" data-end=\"3218\"><li data-start=\"2468\" data-end=\"2632\"><p data-start=\"2470\" data-end=\"2632\"><strong data-start=\"2470\" data-end=\"2495\">Dinamik Depo Y\u00f6netimi<\/strong>: Silolardaki doluluk oran\u0131na g\u00f6re ger\u00e7ek zamanl\u0131 veri sa\u011flayarak, bo\u015faltma veya dolum zamanlar\u0131n\u0131n optimal \u015fekilde planlanmas\u0131n\u0131 sa\u011flar.<\/p><\/li><li data-start=\"2633\" data-end=\"2756\"><p data-start=\"2635\" data-end=\"2756\"><strong data-start=\"2635\" data-end=\"2652\">Risk Y\u00f6netimi<\/strong>: A\u015f\u0131r\u0131 doluluk veya bo\u015fluk durumlar\u0131 erken tespit edilerek \u00fcr\u00fcn kayb\u0131 ya da depo hasarlar\u0131 \u00f6nlenebilir.<\/p><\/li><li data-start=\"2757\" data-end=\"2865\"><p data-start=\"2759\" data-end=\"2865\"><strong data-start=\"2759\" data-end=\"2780\">Verimlilik Art\u0131\u015f\u0131<\/strong>: Mevsimlik talep ve \u00fcretim planlamas\u0131na dayal\u0131 olarak lojistik s\u00fcreci optimize eder.<\/p><\/li><li data-start=\"2866\" data-end=\"3026\"><p data-start=\"2868\" data-end=\"3026\"><strong data-start=\"2868\" data-end=\"2894\">Otomasyon Entegrasyonu<\/strong>: Modern silo sistemlerinde seviye verileri, HVAC, klape veya konvey\u00f6r sistemleriyle entegre edilerek otomatik kontrol sa\u011flanabilir.<\/p><\/li><li data-start=\"3027\" data-end=\"3218\"><p data-start=\"3029\" data-end=\"3218\"><strong data-start=\"3029\" data-end=\"3064\">Uygun Maliyetli Ak\u0131ll\u0131 \u00c7\u00f6z\u00fcmler<\/strong>: IoT tabanl\u0131 sistemler sayesinde d\u00fc\u015f\u00fck maliyetle ger\u00e7ek zamanl\u0131 takip ve yo\u011fun insan g\u00fcc\u00fcne duyulan ihtiya\u00e7 azal\u0131r.<\/p><\/li><\/ul>\t\t\t\t\t\t\t\t<\/div>\n\t\t\t\t<\/div>\n\t\t\t\t\t<\/div>\n\t\t\t\t<\/div>\n\t\t\t\t<\/div>\n\t\t","protected":false},"excerpt":{"rendered":"<p>\u00a0 Silo Seviye Tespit Sistemleri: Verimli Depolaman\u0131n Anahtar\u0131 G\u0131da g\u00fcvenli\u011finden lojisti\u011fe, tah\u0131l depolamadan \u00fcretim planlamas\u0131na kadar tar\u0131m end\u00fcstrisinde silo seviye tespit sistemleri kritik bir rol \u00fcstlenir. Bu sistemler, silolardaki malzeme (\u00f6rne\u011fin tah\u0131l) seviyesini s\u00fcrekli izleyerek, kay\u0131plar\u0131 minimize etmeye ve verimlili\u011fi art\u0131rmaya katk\u0131 sa\u011flar. \u00a0 Neden \u00d6nemlidir? Silo seviye tespit sistemleri; \u00f6l\u00e7\u00fcm ve kontrol sistemlerinin dijitalle\u015fmesi, [&hellip;]<\/p>\n","protected":false},"author":1,"featured_media":0,"parent":520,"menu_order":0,"comment_status":"closed","ping_status":"closed","template":"","meta":{"_monsterinsights_skip_tracking":false,"_monsterinsights_sitenote_active":false,"_monsterinsights_sitenote_note":"","_monsterinsights_sitenote_category":0,"footnotes":""},"class_list":["post-565","page","type-page","status-publish","hentry"],"aioseo_notices":[],"_links":{"self":[{"href":"https:\/\/onalotomasyon.com\/index.php\/wp-json\/wp\/v2\/pages\/565","targetHints":{"allow":["GET"]}}],"collection":[{"href":"https:\/\/onalotomasyon.com\/index.php\/wp-json\/wp\/v2\/pages"}],"about":[{"href":"https:\/\/onalotomasyon.com\/index.php\/wp-json\/wp\/v2\/types\/page"}],"author":[{"embeddable":true,"href":"https:\/\/onalotomasyon.com\/index.php\/wp-json\/wp\/v2\/users\/1"}],"replies":[{"embeddable":true,"href":"https:\/\/onalotomasyon.com\/index.php\/wp-json\/wp\/v2\/comments?post=565"}],"version-history":[{"count":6,"href":"https:\/\/onalotomasyon.com\/index.php\/wp-json\/wp\/v2\/pages\/565\/revisions"}],"predecessor-version":[{"id":585,"href":"https:\/\/onalotomasyon.com\/index.php\/wp-json\/wp\/v2\/pages\/565\/revisions\/585"}],"up":[{"embeddable":true,"href":"https:\/\/onalotomasyon.com\/index.php\/wp-json\/wp\/v2\/pages\/520"}],"wp:attachment":[{"href":"https:\/\/onalotomasyon.com\/index.php\/wp-json\/wp\/v2\/media?parent=565"}],"curies":[{"name":"wp","href":"https:\/\/api.w.org\/{rel}","templated":true}]}}