{"id":415,"date":"2025-04-16T11:13:35","date_gmt":"2025-04-16T08:13:35","guid":{"rendered":"https:\/\/onalotomasyon.com\/?page_id=415"},"modified":"2025-04-16T18:11:31","modified_gmt":"2025-04-16T15:11:31","slug":"plcotomasyonsistemleri","status":"publish","type":"page","link":"https:\/\/onalotomasyon.com\/index.php\/hizmetlerimiz\/plcotomasyonsistemleri\/","title":{"rendered":"PLC Otomasyon Sistemleri"},"content":{"rendered":"\t\t<div data-elementor-type=\"wp-page\" data-elementor-id=\"415\" class=\"elementor elementor-415\">\n\t\t\t\t<div class=\"elementor-element elementor-element-9f61b19 e-flex e-con-boxed e-con e-parent\" data-id=\"9f61b19\" data-element_type=\"container\" data-e-type=\"container\">\n\t\t\t\t\t<div class=\"e-con-inner\">\n\t\t\t\t<div class=\"elementor-element elementor-element-fb28a31 elementor-widget elementor-widget-image\" data-id=\"fb28a31\" data-element_type=\"widget\" data-e-type=\"widget\" data-widget_type=\"image.default\">\n\t\t\t\t<div class=\"elementor-widget-container\">\n\t\t\t\t\t\t\t\t\t\t\t\t\t\t\t<img fetchpriority=\"high\" decoding=\"async\" width=\"700\" height=\"467\" src=\"https:\/\/onalotomasyon.com\/wp-content\/uploads\/2025\/04\/plcotomasyon2.jpg\" class=\"attachment-medium_large size-medium_large wp-image-456\" alt=\"OnAl Otomasyon | PLC Otomasyon Sistemleri\" srcset=\"https:\/\/onalotomasyon.com\/wp-content\/uploads\/2025\/04\/plcotomasyon2.jpg 700w, https:\/\/onalotomasyon.com\/wp-content\/uploads\/2025\/04\/plcotomasyon2-300x200.jpg 300w\" sizes=\"(max-width: 700px) 100vw, 700px\" \/>\t\t\t\t\t\t\t\t\t\t\t\t\t\t\t<\/div>\n\t\t\t\t<\/div>\n\t\t\t\t\t<\/div>\n\t\t\t\t<\/div>\n\t\t<div class=\"elementor-element elementor-element-707ce9c e-flex e-con-boxed e-con e-parent\" data-id=\"707ce9c\" data-element_type=\"container\" data-e-type=\"container\">\n\t\t\t\t\t<div class=\"e-con-inner\">\n\t\t\t\t<div class=\"elementor-element elementor-element-8ffc968 elementor-widget elementor-widget-text-editor\" data-id=\"8ffc968\" data-element_type=\"widget\" data-e-type=\"widget\" data-widget_type=\"text-editor.default\">\n\t\t\t\t<div class=\"elementor-widget-container\">\n\t\t\t\t\t\t\t\t\t<h1 data-start=\"219\" data-end=\"246\">PLC Otomasyon Sistemleri<\/h1><p class=\"\" data-start=\"248\" data-end=\"308\"><strong data-start=\"248\" data-end=\"308\">\u00dcretiminizi Ak\u0131ll\u0131 Hale Getirin, Verimlili\u011finizi Art\u0131r\u0131n<\/strong><\/p><p class=\"\" data-start=\"310\" data-end=\"429\"><span class=\"relative -mx-px my-[-0.2rem] rounded px-px py-[0.2rem] transition-colors duration-100 ease-in-out\">Programlanabilir Lojik Denetleyiciler (PLC), end\u00fcstriyel otomasyonun temel ta\u015flar\u0131ndan biridir.<\/span> <span class=\"relative -mx-px my-[-0.2rem] rounded px-px py-[0.2rem] transition-colors duration-100 ease-in-out\">\u00dcretim s\u00fcre\u00e7lerini daha verimli, g\u00fcvenli ve esnek hale getirmek i\u00e7in kullan\u0131lan PLC sistemleri, i\u015fletmelerin rekabet g\u00fcc\u00fcn\u00fc art\u0131r\u0131r.<\/span>\u200b<\/p><h1 data-start=\"431\" data-end=\"455\">Neden PLC Otomasyon?<\/h1><ul><li data-start=\"459\" data-end=\"554\"><strong data-start=\"459\" data-end=\"472\">Esneklik:<\/strong> <span class=\"relative -mx-px my-[-0.2rem] rounded px-px py-[0.2rem] transition-colors duration-100 ease-in-out\">PLC&#8217;ler, farkl\u0131 \u00fcretim s\u00fcre\u00e7lerine kolayca uyarlanabilir ve programlanabilir.<\/span>\u200b<\/li><li data-start=\"558\" data-end=\"657\"><strong data-start=\"558\" data-end=\"575\">G\u00fcvenilirlik:<\/strong> <span class=\"relative -mx-px my-[-0.2rem] rounded px-px py-[0.2rem] transition-colors duration-100 ease-in-out\">Zorlu end\u00fcstriyel ko\u015fullarda dahi kararl\u0131 ve kesintisiz \u00e7al\u0131\u015fma sa\u011flar.<\/span>\u200b<\/li><li data-start=\"661\" data-end=\"758\"><strong data-start=\"661\" data-end=\"676\">Verimlilik:<\/strong> <span class=\"relative -mx-px my-[-0.2rem] rounded px-px py-[0.2rem] transition-colors duration-100 ease-in-out\">\u00dcretim hatlar\u0131n\u0131 optimize ederek, daha az enerji ve i\u015f g\u00fcc\u00fc ile daha fazla \u00e7\u0131kt\u0131 elde etmenizi sa\u011flar.<\/span>\u200b<\/li><li data-start=\"762\" data-end=\"870\"><strong data-start=\"762\" data-end=\"784\">Kolay Entegrasyon:<\/strong> <span class=\"relative -mx-px my-[-0.2rem] rounded px-px py-[0.2rem] transition-colors duration-100 ease-in-out\">SCADA, HMI ve di\u011fer otomasyon sistemleriyle sorunsuz bir \u015fekilde entegre olur.<\/span>\u200b<\/li><\/ul><h1 data-start=\"872\" data-end=\"886\">OnAl Fark\u0131<\/h1><ul><li data-start=\"890\" data-end=\"1002\"><strong data-start=\"890\" data-end=\"916\">Yerli ve Milli \u00dcretim:<\/strong> <span class=\"relative -mx-px my-[-0.2rem] rounded px-px py-[0.2rem] transition-colors duration-100 ease-in-out\">PLC sistemlerimiz, T\u00fcrkiye&#8217;de geli\u015ftirilmi\u015f ve \u00fcretilmi\u015ftir. Bu sayede d\u0131\u015fa ba\u011f\u0131ml\u0131l\u0131\u011f\u0131 azalt\u0131yor ve milli ekonomiye katk\u0131 sa\u011fl\u0131yoruz.<\/span>\u200b<\/li><li data-start=\"1006\" data-end=\"1121\"><strong data-start=\"1006\" data-end=\"1035\">\u00d6zelle\u015ftirilmi\u015f \u00c7\u00f6z\u00fcmler:<\/strong> <span class=\"relative -mx-px my-[-0.2rem] rounded px-px py-[0.2rem] transition-colors duration-100 ease-in-out\">\u0130\u015fletmenizin \u00f6zel ihtiya\u00e7lar\u0131na g\u00f6re tasarlanm\u0131\u015f ve entegre edilmi\u015f sistemler sunuyoruz.<\/span>\u200b<\/li><li data-start=\"1125\" data-end=\"1227\"><strong data-start=\"1125\" data-end=\"1141\">Uzman Kadro:<\/strong> <span class=\"relative -mx-px my-[-0.2rem] rounded px-px py-[0.2rem] transition-colors duration-100 ease-in-out\">Alan\u0131nda deneyimli m\u00fchendis ve teknisyenlerimizle, projelerinizin her a\u015famas\u0131nda yan\u0131n\u0131zday\u0131z.<\/span><\/li><\/ul>\t\t\t\t\t\t\t\t<\/div>\n\t\t\t\t<\/div>\n\t\t\t\t\t<\/div>\n\t\t\t\t<\/div>\n\t\t\t\t<\/div>\n\t\t","protected":false},"excerpt":{"rendered":"<p>PLC Otomasyon Sistemleri \u00dcretiminizi Ak\u0131ll\u0131 Hale Getirin, Verimlili\u011finizi Art\u0131r\u0131n Programlanabilir Lojik Denetleyiciler (PLC), end\u00fcstriyel otomasyonun temel ta\u015flar\u0131ndan biridir. \u00dcretim s\u00fcre\u00e7lerini daha verimli, g\u00fcvenli ve esnek hale getirmek i\u00e7in kullan\u0131lan PLC sistemleri, i\u015fletmelerin rekabet g\u00fcc\u00fcn\u00fc art\u0131r\u0131r.\u200b Neden PLC Otomasyon? Esneklik: PLC&#8217;ler, farkl\u0131 \u00fcretim s\u00fcre\u00e7lerine kolayca uyarlanabilir ve programlanabilir.\u200b G\u00fcvenilirlik: Zorlu end\u00fcstriyel ko\u015fullarda dahi kararl\u0131 ve kesintisiz [&hellip;]<\/p>\n","protected":false},"author":1,"featured_media":0,"parent":520,"menu_order":0,"comment_status":"closed","ping_status":"closed","template":"","meta":{"_monsterinsights_skip_tracking":false,"_monsterinsights_sitenote_active":false,"_monsterinsights_sitenote_note":"","_monsterinsights_sitenote_category":0,"footnotes":""},"class_list":["post-415","page","type-page","status-publish","hentry"],"aioseo_notices":[],"_links":{"self":[{"href":"https:\/\/onalotomasyon.com\/index.php\/wp-json\/wp\/v2\/pages\/415","targetHints":{"allow":["GET"]}}],"collection":[{"href":"https:\/\/onalotomasyon.com\/index.php\/wp-json\/wp\/v2\/pages"}],"about":[{"href":"https:\/\/onalotomasyon.com\/index.php\/wp-json\/wp\/v2\/types\/page"}],"author":[{"embeddable":true,"href":"https:\/\/onalotomasyon.com\/index.php\/wp-json\/wp\/v2\/users\/1"}],"replies":[{"embeddable":true,"href":"https:\/\/onalotomasyon.com\/index.php\/wp-json\/wp\/v2\/comments?post=415"}],"version-history":[{"count":8,"href":"https:\/\/onalotomasyon.com\/index.php\/wp-json\/wp\/v2\/pages\/415\/revisions"}],"predecessor-version":[{"id":459,"href":"https:\/\/onalotomasyon.com\/index.php\/wp-json\/wp\/v2\/pages\/415\/revisions\/459"}],"up":[{"embeddable":true,"href":"https:\/\/onalotomasyon.com\/index.php\/wp-json\/wp\/v2\/pages\/520"}],"wp:attachment":[{"href":"https:\/\/onalotomasyon.com\/index.php\/wp-json\/wp\/v2\/media?parent=415"}],"curies":[{"name":"wp","href":"https:\/\/api.w.org\/{rel}","templated":true}]}}