{"id":405,"date":"2025-04-16T11:12:50","date_gmt":"2025-04-16T08:12:50","guid":{"rendered":"https:\/\/onalotomasyon.com\/?page_id=405"},"modified":"2025-04-16T18:11:19","modified_gmt":"2025-04-16T15:11:19","slug":"endustriyelyazilim","status":"publish","type":"page","link":"https:\/\/onalotomasyon.com\/index.php\/hizmetlerimiz\/endustriyelyazilim\/","title":{"rendered":"End\u00fcstriyel Yaz\u0131l\u0131m"},"content":{"rendered":"\t\t<div data-elementor-type=\"wp-page\" data-elementor-id=\"405\" class=\"elementor elementor-405\">\n\t\t\t\t<div class=\"elementor-element elementor-element-adbf88a e-flex e-con-boxed e-con e-parent\" data-id=\"adbf88a\" data-element_type=\"container\" data-e-type=\"container\">\n\t\t\t\t\t<div class=\"e-con-inner\">\n\t\t\t\t<div class=\"elementor-element elementor-element-ee6e5b8 elementor-widget elementor-widget-image\" data-id=\"ee6e5b8\" data-element_type=\"widget\" data-e-type=\"widget\" data-widget_type=\"image.default\">\n\t\t\t\t<div class=\"elementor-widget-container\">\n\t\t\t\t\t\t\t\t\t\t\t\t\t\t\t<img fetchpriority=\"high\" decoding=\"async\" width=\"768\" height=\"576\" src=\"https:\/\/onalotomasyon.com\/wp-content\/uploads\/2025\/04\/endustriyelyazilim2-768x576.jpg\" class=\"attachment-medium_large size-medium_large wp-image-448\" alt=\"OnAl Otomasyon | Silo S\u0131cakl\u0131k \u00d6l\u00e7\u00fcm Sistemleri\" srcset=\"https:\/\/onalotomasyon.com\/wp-content\/uploads\/2025\/04\/endustriyelyazilim2-768x576.jpg 768w, https:\/\/onalotomasyon.com\/wp-content\/uploads\/2025\/04\/endustriyelyazilim2-300x225.jpg 300w, https:\/\/onalotomasyon.com\/wp-content\/uploads\/2025\/04\/endustriyelyazilim2.jpg 850w\" sizes=\"(max-width: 768px) 100vw, 768px\" \/>\t\t\t\t\t\t\t\t\t\t\t\t\t\t\t<\/div>\n\t\t\t\t<\/div>\n\t\t\t\t\t<\/div>\n\t\t\t\t<\/div>\n\t\t<div class=\"elementor-element elementor-element-4d983e1 e-flex e-con-boxed e-con e-parent\" data-id=\"4d983e1\" data-element_type=\"container\" data-e-type=\"container\">\n\t\t\t\t\t<div class=\"e-con-inner\">\n\t\t\t\t<div class=\"elementor-element elementor-element-df5cd8f elementor-widget elementor-widget-text-editor\" data-id=\"df5cd8f\" data-element_type=\"widget\" data-e-type=\"widget\" data-widget_type=\"text-editor.default\">\n\t\t\t\t<div class=\"elementor-widget-container\">\n\t\t\t\t\t\t\t\t\t<h1 data-start=\"232\" data-end=\"264\">End\u00fcstriyel Yaz\u0131l\u0131m \u00c7\u00f6z\u00fcmleri<\/h1><p class=\"\" data-start=\"266\" data-end=\"302\"><strong data-start=\"266\" data-end=\"302\">\u00dcretimden Veriye, Veriden De\u011fere<\/strong><\/p><p class=\"\" data-start=\"304\" data-end=\"423\"><span class=\"relative -mx-px my-[-0.2rem] rounded px-px py-[0.2rem] transition-colors duration-100 ease-in-out\">OnAl Otomasyon ve Yaz\u0131l\u0131m olarak \u00fcretim s\u00fcre\u00e7lerinizi dijitalle\u015ftirerek verimlili\u011finizi art\u0131r\u0131yor, maliyetlerinizi d\u00fc\u015f\u00fcr\u00fcyor ve rekabet g\u00fcc\u00fcn\u00fcz\u00fc y\u00fckseltiyoruz.<\/span> <span class=\"relative -mx-px my-[-0.2rem] rounded px-px py-[0.2rem] transition-colors duration-100 ease-in-out\">Yerli m\u00fchendislik g\u00fcc\u00fcm\u00fczle geli\u015ftirdi\u011fimiz end\u00fcstriyel yaz\u0131l\u0131m \u00e7\u00f6z\u00fcmlerimiz, i\u015fletmenizin ihtiya\u00e7lar\u0131na \u00f6zel olarak tasarlan\u0131r ve entegre edilir.<\/span>\u200b<\/p><h1 data-start=\"425\" data-end=\"440\">Neden OnAl?<\/h1><ul><li data-start=\"444\" data-end=\"552\"><strong data-start=\"444\" data-end=\"470\">Yerli ve Milli \u00dcretim:<\/strong> <span class=\"relative -mx-px my-[-0.2rem] rounded px-px py-[0.2rem] transition-colors duration-100 ease-in-out\">T\u00fcm yaz\u0131l\u0131m \u00e7\u00f6z\u00fcmlerimiz, T\u00fcrkiye&#8217;de geli\u015ftirilmi\u015f ve \u00fcretilmi\u015ftir. Bu sayede d\u0131\u015fa ba\u011f\u0131ml\u0131l\u0131\u011f\u0131 azalt\u0131yor ve milli ekonomiye katk\u0131 sa\u011fl\u0131yoruz.<\/span>\u200b<\/li><li data-start=\"556\" data-end=\"667\"><strong data-start=\"556\" data-end=\"585\">\u00d6zelle\u015ftirilmi\u015f \u00c7\u00f6z\u00fcmler:<\/strong> <span class=\"relative -mx-px my-[-0.2rem] rounded px-px py-[0.2rem] transition-colors duration-100 ease-in-out\">\u0130\u015fletmenizin \u00f6zel ihtiya\u00e7lar\u0131na g\u00f6re tasarlanm\u0131\u015f ve entegre edilmi\u015f sistemler sunuyoruz.<\/span>\u200b<\/li><li data-start=\"671\" data-end=\"769\"><strong data-start=\"671\" data-end=\"687\">Uzman Kadro:<\/strong> <span class=\"relative -mx-px my-[-0.2rem] rounded px-px py-[0.2rem] transition-colors duration-100 ease-in-out\">Alan\u0131nda deneyimli m\u00fchendis ve yaz\u0131l\u0131mc\u0131lar\u0131m\u0131zla projelerinizin her a\u015famas\u0131nda yan\u0131n\u0131zday\u0131z.<\/span>\u200b<\/li><\/ul><h1 data-start=\"771\" data-end=\"795\">Uygulama Alanlar\u0131m\u0131z<\/h1><ul><li data-start=\"799\" data-end=\"911\"><strong data-start=\"799\" data-end=\"825\">\u00dcretim Y\u00f6netimi (MES):<\/strong> <span class=\"relative -mx-px my-[-0.2rem] rounded px-px py-[0.2rem] transition-colors duration-100 ease-in-out\">\u00dcretim s\u00fcre\u00e7lerinizi dijitalle\u015ftirerek, verimlili\u011fi art\u0131r\u0131yor ve kaliteyi standartla\u015ft\u0131r\u0131yoruz.<\/span>\u200b<\/li><li data-start=\"915\" data-end=\"1028\"><strong data-start=\"915\" data-end=\"942\">Veri Toplama ve Analiz:<\/strong> <span class=\"relative -mx-px my-[-0.2rem] rounded px-px py-[0.2rem] transition-colors duration-100 ease-in-out\">\u00dcretim verilerinizi anl\u0131k olarak toplayarak, analiz ediyor ve raporluyoruz.<\/span>\u200b<\/li><li data-start=\"1032\" data-end=\"1139\"><strong data-start=\"1032\" data-end=\"1053\">SCADA Sistemleri:<\/strong> <span class=\"relative -mx-px my-[-0.2rem] rounded px-px py-[0.2rem] transition-colors duration-100 ease-in-out\">Tesisinizin t\u00fcm s\u00fcre\u00e7lerini merkezi bir sistem \u00fczerinden izleyip kontrol etmenizi sa\u011fl\u0131yoruz.<\/span>\u200b<\/li><li data-start=\"1143\" data-end=\"1263\"><strong data-start=\"1143\" data-end=\"1177\">Envanter ve Lojistik Y\u00f6netimi:<\/strong> <span class=\"relative -mx-px my-[-0.2rem] rounded px-px py-[0.2rem] transition-colors duration-100 ease-in-out\">Stoklar\u0131n\u0131z\u0131 ve lojistik s\u00fcre\u00e7lerinizi optimize ederek, maliyetleri d\u00fc\u015f\u00fcr\u00fcyoruz.<\/span>\u200b<\/li><li data-start=\"1267\" data-end=\"1372\"><strong data-start=\"1267\" data-end=\"1286\">Kalite Kontrol:<\/strong> <span class=\"relative -mx-px my-[-0.2rem] rounded px-px py-[0.2rem] transition-colors duration-100 ease-in-out\">\u00dcr\u00fcn kalitesini s\u00fcrekli izleyerek, hatalar\u0131 minimize ediyor ve m\u00fc\u015fteri memnuniyetini art\u0131r\u0131yoruz.<\/span><\/li><\/ul>\t\t\t\t\t\t\t\t<\/div>\n\t\t\t\t<\/div>\n\t\t\t\t\t<\/div>\n\t\t\t\t<\/div>\n\t\t\t\t<\/div>\n\t\t","protected":false},"excerpt":{"rendered":"<p>End\u00fcstriyel Yaz\u0131l\u0131m \u00c7\u00f6z\u00fcmleri \u00dcretimden Veriye, Veriden De\u011fere OnAl Otomasyon ve Yaz\u0131l\u0131m olarak \u00fcretim s\u00fcre\u00e7lerinizi dijitalle\u015ftirerek verimlili\u011finizi art\u0131r\u0131yor, maliyetlerinizi d\u00fc\u015f\u00fcr\u00fcyor ve rekabet g\u00fcc\u00fcn\u00fcz\u00fc y\u00fckseltiyoruz. Yerli m\u00fchendislik g\u00fcc\u00fcm\u00fczle geli\u015ftirdi\u011fimiz end\u00fcstriyel yaz\u0131l\u0131m \u00e7\u00f6z\u00fcmlerimiz, i\u015fletmenizin ihtiya\u00e7lar\u0131na \u00f6zel olarak tasarlan\u0131r ve entegre edilir.\u200b Neden OnAl? Yerli ve Milli \u00dcretim: T\u00fcm yaz\u0131l\u0131m \u00e7\u00f6z\u00fcmlerimiz, T\u00fcrkiye&#8217;de geli\u015ftirilmi\u015f ve \u00fcretilmi\u015ftir. Bu sayede d\u0131\u015fa ba\u011f\u0131ml\u0131l\u0131\u011f\u0131 [&hellip;]<\/p>\n","protected":false},"author":1,"featured_media":0,"parent":520,"menu_order":0,"comment_status":"closed","ping_status":"closed","template":"","meta":{"_monsterinsights_skip_tracking":false,"_monsterinsights_sitenote_active":false,"_monsterinsights_sitenote_note":"","_monsterinsights_sitenote_category":0,"footnotes":""},"class_list":["post-405","page","type-page","status-publish","hentry"],"aioseo_notices":[],"_links":{"self":[{"href":"https:\/\/onalotomasyon.com\/index.php\/wp-json\/wp\/v2\/pages\/405","targetHints":{"allow":["GET"]}}],"collection":[{"href":"https:\/\/onalotomasyon.com\/index.php\/wp-json\/wp\/v2\/pages"}],"about":[{"href":"https:\/\/onalotomasyon.com\/index.php\/wp-json\/wp\/v2\/types\/page"}],"author":[{"embeddable":true,"href":"https:\/\/onalotomasyon.com\/index.php\/wp-json\/wp\/v2\/users\/1"}],"replies":[{"embeddable":true,"href":"https:\/\/onalotomasyon.com\/index.php\/wp-json\/wp\/v2\/comments?post=405"}],"version-history":[{"count":8,"href":"https:\/\/onalotomasyon.com\/index.php\/wp-json\/wp\/v2\/pages\/405\/revisions"}],"predecessor-version":[{"id":451,"href":"https:\/\/onalotomasyon.com\/index.php\/wp-json\/wp\/v2\/pages\/405\/revisions\/451"}],"up":[{"embeddable":true,"href":"https:\/\/onalotomasyon.com\/index.php\/wp-json\/wp\/v2\/pages\/520"}],"wp:attachment":[{"href":"https:\/\/onalotomasyon.com\/index.php\/wp-json\/wp\/v2\/media?parent=405"}],"curies":[{"name":"wp","href":"https:\/\/api.w.org\/{rel}","templated":true}]}}