{"id":403,"date":"2025-04-16T11:12:32","date_gmt":"2025-04-16T08:12:32","guid":{"rendered":"https:\/\/onalotomasyon.com\/?page_id=403"},"modified":"2025-04-16T18:11:14","modified_gmt":"2025-04-16T15:11:14","slug":"endustriyelotomasyon","status":"publish","type":"page","link":"https:\/\/onalotomasyon.com\/index.php\/hizmetlerimiz\/endustriyelotomasyon\/","title":{"rendered":"End\u00fcstriyel Otomasyon"},"content":{"rendered":"\t\t<div data-elementor-type=\"wp-page\" data-elementor-id=\"403\" class=\"elementor elementor-403\">\n\t\t\t\t<div class=\"elementor-element elementor-element-55e62b5 e-flex e-con-boxed e-con e-parent\" data-id=\"55e62b5\" data-element_type=\"container\" data-e-type=\"container\">\n\t\t\t\t\t<div class=\"e-con-inner\">\n\t\t\t\t<div class=\"elementor-element elementor-element-6729711 elementor-widget elementor-widget-image\" data-id=\"6729711\" data-element_type=\"widget\" data-e-type=\"widget\" data-widget_type=\"image.default\">\n\t\t\t\t<div class=\"elementor-widget-container\">\n\t\t\t\t\t\t\t\t\t\t\t\t\t\t\t<img fetchpriority=\"high\" decoding=\"async\" width=\"685\" height=\"434\" src=\"https:\/\/onalotomasyon.com\/wp-content\/uploads\/2025\/04\/endustriyelotomasyon2.jpg\" class=\"attachment-medium_large size-medium_large wp-image-444\" alt=\"OnAl Otomasyon | End\u00fcstriyel Otomasyon Sistemleri\" srcset=\"https:\/\/onalotomasyon.com\/wp-content\/uploads\/2025\/04\/endustriyelotomasyon2.jpg 685w, https:\/\/onalotomasyon.com\/wp-content\/uploads\/2025\/04\/endustriyelotomasyon2-300x190.jpg 300w\" sizes=\"(max-width: 685px) 100vw, 685px\" \/>\t\t\t\t\t\t\t\t\t\t\t\t\t\t\t<\/div>\n\t\t\t\t<\/div>\n\t\t\t\t\t<\/div>\n\t\t\t\t<\/div>\n\t\t<div class=\"elementor-element elementor-element-cd8c500 e-flex e-con-boxed e-con e-parent\" data-id=\"cd8c500\" data-element_type=\"container\" data-e-type=\"container\">\n\t\t\t\t\t<div class=\"e-con-inner\">\n\t\t\t\t<div class=\"elementor-element elementor-element-5f11e36 elementor-widget elementor-widget-text-editor\" data-id=\"5f11e36\" data-element_type=\"widget\" data-e-type=\"widget\" data-widget_type=\"text-editor.default\">\n\t\t\t\t<div class=\"elementor-widget-container\">\n\t\t\t\t\t\t\t\t\t<h1>End\u00fcstriyel Otomasyon<\/h1><p class=\"\" data-start=\"223\" data-end=\"465\"><strong data-start=\"223\" data-end=\"252\">OnAl Otomasyon ve Yaz\u0131l\u0131m<\/strong> olarak \u00fcretim s\u00fcre\u00e7lerinizi daha verimli, g\u00fcvenli ve s\u00fcrd\u00fcr\u00fclebilir hale getirmek i\u00e7in end\u00fcstriyel otomasyon \u00e7\u00f6z\u00fcmleri sunuyoruz. <span class=\"relative -mx-px my-[-0.2rem] rounded px-px py-[0.2rem] transition-colors duration-100 ease-in-out\">Yerli m\u00fchendislik g\u00fcc\u00fcm\u00fczle geli\u015ftirdi\u011fimiz sistemler, i\u015fletmenizin ihtiya\u00e7lar\u0131na \u00f6zel olarak tasarlan\u0131r ve entegre edilir.<\/span>\u200b<\/p><h1 data-start=\"467\" data-end=\"499\">Neden End\u00fcstriyel Otomasyon?<\/h1><ul><li data-start=\"503\" data-end=\"607\"><strong data-start=\"503\" data-end=\"525\">Verimlilik Art\u0131\u015f\u0131:<\/strong> <span class=\"relative -mx-px my-[-0.2rem] rounded px-px py-[0.2rem] transition-colors duration-100 ease-in-out\">Otomasyon sistemleri, \u00fcretim s\u00fcre\u00e7lerinizdeki verimlili\u011fi art\u0131rarak daha k\u0131sa s\u00fcrede daha fazla \u00fcr\u00fcn elde etmenizi sa\u011flar.<\/span>\u200b<\/li><li data-start=\"503\" data-end=\"607\"><strong data-start=\"611\" data-end=\"630\">Kalite Kontrol:<\/strong> <span class=\"relative -mx-px my-[-0.2rem] rounded px-px py-[0.2rem] transition-colors duration-100 ease-in-out\">S\u00fcre\u00e7lerin otomatikle\u015ftirilmesi, \u00fcr\u00fcn kalitesinin standartla\u015fmas\u0131n\u0131 ve hatalar\u0131n minimize edilmesini sa\u011flar.<\/span>\u200b<\/li><li data-start=\"503\" data-end=\"607\"><strong data-start=\"716\" data-end=\"738\">Maliyet Tasarrufu:<\/strong> <span class=\"relative -mx-px my-[-0.2rem] rounded px-px py-[0.2rem] transition-colors duration-100 ease-in-out\">Enerji t\u00fcketimi ve i\u015f g\u00fcc\u00fc maliyetlerinde tasarruf sa\u011flayarak i\u015fletmenizin karl\u0131l\u0131\u011f\u0131n\u0131 art\u0131r\u0131r.<\/span>\u200b<\/li><li data-start=\"503\" data-end=\"607\"><strong data-start=\"824\" data-end=\"837\">Esneklik:<\/strong> <span class=\"relative -mx-px my-[-0.2rem] rounded px-px py-[0.2rem] transition-colors duration-100 ease-in-out\">\u00dcretim s\u00fcre\u00e7lerinizdeki de\u011fi\u015fikliklere h\u0131zl\u0131 ve kolay bir \u015fekilde uyum sa\u011flar.<\/span>\u200b<\/li><\/ul><h1 data-start=\"923\" data-end=\"937\">OnAl Fark\u0131<\/h1><ul><li data-start=\"941\" data-end=\"1053\"><strong data-start=\"941\" data-end=\"967\">Yerli ve Milli \u00dcretim:<\/strong> <span class=\"relative -mx-px my-[-0.2rem] rounded px-px py-[0.2rem] transition-colors duration-100 ease-in-out\">T\u00fcm sistemlerimiz, T\u00fcrkiye&#8217;de geli\u015ftirilmi\u015f ve \u00fcretilmi\u015ftir. Bu sayede d\u0131\u015fa ba\u011f\u0131ml\u0131l\u0131\u011f\u0131 azalt\u0131yor ve milli ekonomiye katk\u0131 sa\u011fl\u0131yoruz.<\/span>\u200b<\/li><li data-start=\"1057\" data-end=\"1172\"><strong data-start=\"1057\" data-end=\"1086\">\u00d6zelle\u015ftirilmi\u015f \u00c7\u00f6z\u00fcmler:<\/strong> <span class=\"relative -mx-px my-[-0.2rem] rounded px-px py-[0.2rem] transition-colors duration-100 ease-in-out\">\u0130\u015fletmenizin \u00f6zel ihtiya\u00e7lar\u0131na g\u00f6re tasarlanm\u0131\u015f ve entegre edilmi\u015f sistemler sunuyoruz.<\/span>\u200b<\/li><li data-start=\"1176\" data-end=\"1278\"><strong data-start=\"1176\" data-end=\"1192\">Uzman Kadro:<\/strong> <span class=\"relative -mx-px my-[-0.2rem] rounded px-px py-[0.2rem] transition-colors duration-100 ease-in-out\">Alan\u0131nda deneyimli m\u00fchendis ve teknisyenlerimizle projelerinizin her a\u015famas\u0131nda yan\u0131n\u0131zday\u0131z.<\/span>\u200b<\/li><\/ul>\t\t\t\t\t\t\t\t<\/div>\n\t\t\t\t<\/div>\n\t\t\t\t\t<\/div>\n\t\t\t\t<\/div>\n\t\t<div class=\"elementor-element elementor-element-da79189 e-flex e-con-boxed e-con e-parent\" data-id=\"da79189\" data-element_type=\"container\" data-e-type=\"container\">\n\t\t\t\t\t<div class=\"e-con-inner\">\n\t\t\t\t<div class=\"elementor-element elementor-element-18f8cb3 elementor-widget-divider--view-line elementor-widget elementor-widget-divider\" data-id=\"18f8cb3\" data-element_type=\"widget\" data-e-type=\"widget\" data-widget_type=\"divider.default\">\n\t\t\t\t<div class=\"elementor-widget-container\">\n\t\t\t\t\t\t\t<div class=\"elementor-divider\">\n\t\t\t<span class=\"elementor-divider-separator\">\n\t\t\t\t\t\t<\/span>\n\t\t<\/div>\n\t\t\t\t\t\t<\/div>\n\t\t\t\t<\/div>\n\t\t\t\t\t<\/div>\n\t\t\t\t<\/div>\n\t\t\t\t<\/div>\n\t\t","protected":false},"excerpt":{"rendered":"<p>End\u00fcstriyel Otomasyon OnAl Otomasyon ve Yaz\u0131l\u0131m olarak \u00fcretim s\u00fcre\u00e7lerinizi daha verimli, g\u00fcvenli ve s\u00fcrd\u00fcr\u00fclebilir hale getirmek i\u00e7in end\u00fcstriyel otomasyon \u00e7\u00f6z\u00fcmleri sunuyoruz. Yerli m\u00fchendislik g\u00fcc\u00fcm\u00fczle geli\u015ftirdi\u011fimiz sistemler, i\u015fletmenizin ihtiya\u00e7lar\u0131na \u00f6zel olarak tasarlan\u0131r ve entegre edilir.\u200b Neden End\u00fcstriyel Otomasyon? Verimlilik Art\u0131\u015f\u0131: Otomasyon sistemleri, \u00fcretim s\u00fcre\u00e7lerinizdeki verimlili\u011fi art\u0131rarak daha k\u0131sa s\u00fcrede daha fazla \u00fcr\u00fcn elde etmenizi sa\u011flar.\u200b Kalite [&hellip;]<\/p>\n","protected":false},"author":1,"featured_media":0,"parent":520,"menu_order":0,"comment_status":"closed","ping_status":"closed","template":"","meta":{"_monsterinsights_skip_tracking":false,"_monsterinsights_sitenote_active":false,"_monsterinsights_sitenote_note":"","_monsterinsights_sitenote_category":0,"footnotes":""},"class_list":["post-403","page","type-page","status-publish","hentry"],"aioseo_notices":[],"_links":{"self":[{"href":"https:\/\/onalotomasyon.com\/index.php\/wp-json\/wp\/v2\/pages\/403","targetHints":{"allow":["GET"]}}],"collection":[{"href":"https:\/\/onalotomasyon.com\/index.php\/wp-json\/wp\/v2\/pages"}],"about":[{"href":"https:\/\/onalotomasyon.com\/index.php\/wp-json\/wp\/v2\/types\/page"}],"author":[{"embeddable":true,"href":"https:\/\/onalotomasyon.com\/index.php\/wp-json\/wp\/v2\/users\/1"}],"replies":[{"embeddable":true,"href":"https:\/\/onalotomasyon.com\/index.php\/wp-json\/wp\/v2\/comments?post=403"}],"version-history":[{"count":5,"href":"https:\/\/onalotomasyon.com\/index.php\/wp-json\/wp\/v2\/pages\/403\/revisions"}],"predecessor-version":[{"id":447,"href":"https:\/\/onalotomasyon.com\/index.php\/wp-json\/wp\/v2\/pages\/403\/revisions\/447"}],"up":[{"embeddable":true,"href":"https:\/\/onalotomasyon.com\/index.php\/wp-json\/wp\/v2\/pages\/520"}],"wp:attachment":[{"href":"https:\/\/onalotomasyon.com\/index.php\/wp-json\/wp\/v2\/media?parent=403"}],"curies":[{"name":"wp","href":"https:\/\/api.w.org\/{rel}","templated":true}]}}