{"id":401,"date":"2025-04-16T11:17:17","date_gmt":"2025-04-16T08:17:17","guid":{"rendered":"https:\/\/onalotomasyon.com\/?page_id=401"},"modified":"2025-04-16T18:11:47","modified_gmt":"2025-04-16T15:11:47","slug":"silosicaklikolcumsistemleri","status":"publish","type":"page","link":"https:\/\/onalotomasyon.com\/index.php\/hizmetlerimiz\/silosicaklikolcumsistemleri\/","title":{"rendered":"Silo S\u0131cakl\u0131k \u00d6l\u00e7\u00fcm Sistemleri"},"content":{"rendered":"\t\t<div data-elementor-type=\"wp-page\" data-elementor-id=\"401\" class=\"elementor elementor-401\">\n\t\t\t\t<div class=\"elementor-element elementor-element-83185e9 e-flex e-con-boxed e-con e-parent\" data-id=\"83185e9\" data-element_type=\"container\" data-e-type=\"container\">\n\t\t\t\t\t<div class=\"e-con-inner\">\n\t\t\t\t<div class=\"elementor-element elementor-element-865fe94 elementor-widget elementor-widget-image\" data-id=\"865fe94\" data-element_type=\"widget\" data-e-type=\"widget\" data-widget_type=\"image.default\">\n\t\t\t\t<div class=\"elementor-widget-container\">\n\t\t\t\t\t\t\t\t\t\t\t\t\t\t\t<img fetchpriority=\"high\" decoding=\"async\" width=\"768\" height=\"480\" src=\"https:\/\/onalotomasyon.com\/wp-content\/uploads\/2025\/04\/silosicaklik1-768x480.jpg\" class=\"attachment-medium_large size-medium_large wp-image-436\" alt=\"OnAl Otomasyon | Silo S\u0131cakl\u0131k \u00d6l\u00e7\u00fcm Sistemleri\" srcset=\"https:\/\/onalotomasyon.com\/wp-content\/uploads\/2025\/04\/silosicaklik1-768x480.jpg 768w, https:\/\/onalotomasyon.com\/wp-content\/uploads\/2025\/04\/silosicaklik1-300x188.jpg 300w, https:\/\/onalotomasyon.com\/wp-content\/uploads\/2025\/04\/silosicaklik1-1024x640.jpg 1024w, https:\/\/onalotomasyon.com\/wp-content\/uploads\/2025\/04\/silosicaklik1.jpg 1340w\" sizes=\"(max-width: 768px) 100vw, 768px\" \/>\t\t\t\t\t\t\t\t\t\t\t\t\t\t\t<\/div>\n\t\t\t\t<\/div>\n\t\t\t\t\t<\/div>\n\t\t\t\t<\/div>\n\t\t<div class=\"elementor-element elementor-element-f7dd746 e-flex e-con-boxed e-con e-parent\" data-id=\"f7dd746\" data-element_type=\"container\" data-e-type=\"container\">\n\t\t\t\t\t<div class=\"e-con-inner\">\n\t\t\t\t<div class=\"elementor-element elementor-element-7d3ee41 elementor-widget elementor-widget-text-editor\" data-id=\"7d3ee41\" data-element_type=\"widget\" data-e-type=\"widget\" data-widget_type=\"text-editor.default\">\n\t\t\t\t<div class=\"elementor-widget-container\">\n\t\t\t\t\t\t\t\t\t<h1 data-start=\"173\" data-end=\"206\">Silo S\u0131cakl\u0131k \u00d6l\u00e7\u00fcm Sistemleri<\/h1><p class=\"\" data-start=\"208\" data-end=\"266\"><strong data-start=\"208\" data-end=\"266\">Depolamada Kalite G\u00fcvencesi Yerli Teknolojiyle M\u00fcmk\u00fcn<\/strong><\/p><p class=\"\" data-start=\"268\" data-end=\"733\">S\u0131cakl\u0131k de\u011fi\u015fimleri; silo i\u00e7erisindeki tah\u0131l, yem ve benzeri \u00fcr\u00fcnlerin kalitesini do\u011frudan etkiler. Erken tespit edilemeyen s\u0131cakl\u0131k art\u0131\u015flar\u0131; k\u00fcf, b\u00f6ceklenme ve \u00fcr\u00fcn kayb\u0131 gibi ciddi sorunlara yol a\u00e7abilir. <strong data-start=\"478\" data-end=\"507\">OnAl Otomasyon ve Yaz\u0131l\u0131m<\/strong> olarak geli\u015ftirdi\u011fimiz <strong data-start=\"531\" data-end=\"575\">yerli ve milli s\u0131cakl\u0131k \u00f6l\u00e7\u00fcm sistemleri<\/strong>, silo i\u00e7indeki s\u0131cakl\u0131k de\u011ferlerini katman katman takip etmenizi sa\u011flar. B\u00f6ylece sorun olu\u015fmadan \u00f6nlem alabilir, \u00fcr\u00fcnlerinizi g\u00fcvenle muhafaza edebilirsiniz.<\/p><h1 data-start=\"735\" data-end=\"763\">\u00d6ne \u00c7\u0131kan \u00d6zelliklerimiz<\/h1><p class=\"\" data-start=\"767\" data-end=\"995\"><strong data-start=\"767\" data-end=\"801\">100% Yerli Donan\u0131m ve Yaz\u0131l\u0131m:<\/strong> \u0130thal alternatiflerine g\u00f6re hem daha ekonomik hem de daha ula\u015f\u0131labilir \u00e7\u00f6z\u00fcmler sunuyoruz. T\u00fcrkiye\u2019de geli\u015ftirilen sistemlerimizle d\u0131\u015fa ba\u011f\u0131ml\u0131l\u0131\u011f\u0131 azalt\u0131yor, kendi teknolojimizi in\u015fa ediyoruz.<\/p><p class=\"\" data-start=\"999\" data-end=\"1174\"><strong data-start=\"999\" data-end=\"1037\">Y\u00fcksek Hassasiyet, Katmanl\u0131 \u00d6l\u00e7\u00fcm:<\/strong> Silo i\u00e7inde farkl\u0131 noktalardaki s\u0131cakl\u0131klar\u0131 ba\u011f\u0131ms\u0131z sens\u00f6rlerle s\u00fcrekli izleyerek, s\u0131cakl\u0131k dengesizliklerine kar\u015f\u0131 erken uyar\u0131 verir.<\/p><ul><li data-start=\"1178\" data-end=\"1314\"><strong data-start=\"1178\" data-end=\"1210\">SCADA ve Mobil Entegrasyonu:<\/strong> \u0130ster bilgisayar\u0131n\u0131zdan ister telefonunuzdan t\u00fcm s\u0131cakl\u0131k verilerini anl\u0131k olarak takip edebilirsiniz.<\/li><li data-start=\"1318\" data-end=\"1455\"><strong data-start=\"1318\" data-end=\"1348\">Alarm ve Uyar\u0131 Sistemleri:<\/strong> Belirlenen e\u015fik de\u011ferler a\u015f\u0131ld\u0131\u011f\u0131nda sistem, sesli\/\u0131\u015f\u0131kl\u0131 uyar\u0131lar verir veya operat\u00f6re bildirim g\u00f6nderir.<\/li><li data-start=\"1459\" data-end=\"1591\"><strong data-start=\"1459\" data-end=\"1502\">Uzun \u00d6m\u00fcrl\u00fc ve D\u00fc\u015f\u00fck Bak\u0131m Gereksinimi:<\/strong> Sahada test edilmi\u015f, toza ve neme kar\u015f\u0131 dayan\u0131kl\u0131 tasar\u0131m\u0131yla y\u0131llarca sorunsuz \u00e7al\u0131\u015f\u0131r.<\/li><\/ul><h1 data-start=\"1598\" data-end=\"1623\">Neden Bu Kadar \u00d6nemli?<\/h1><p class=\"\" data-start=\"1625\" data-end=\"1952\">S\u0131cakl\u0131k takibi, sadece \u00fcr\u00fcn g\u00fcvenli\u011fi i\u00e7in de\u011fil i\u015fletme verimlili\u011fi ve s\u00fcrd\u00fcr\u00fclebilirlik i\u00e7in de kritik \u00f6neme sahiptir. Kaybedece\u011finiz her ton \u00fcr\u00fcn; zaman, para ve itibar kayb\u0131d\u0131r. OnAl Otomasyon\u2019un sundu\u011fu <strong data-start=\"1835\" data-end=\"1872\">ak\u0131ll\u0131 s\u0131cakl\u0131k izleme sistemleri<\/strong>, hem b\u00fcy\u00fck tesislerde hem de daha k\u00fc\u00e7\u00fck depolarda ihtiyaca \u00f6zel \u00e7\u00f6z\u00fcmler sunar.<\/p><h1 data-start=\"1959\" data-end=\"1985\">Sizin \u0130\u00e7in Geli\u015ftirildi<\/h1><p class=\"\" data-start=\"1987\" data-end=\"2235\">\u00dcretimden yaz\u0131l\u0131ma, kurulumdan destek s\u00fcrecine kadar t\u00fcm ad\u0131mlar yerli m\u00fchendislik g\u00fcc\u00fcyle y\u00fcr\u00fct\u00fcl\u00fcr. T\u00fcrkiye&#8217;nin \u015fartlar\u0131na ve i\u015fletmelerinin beklentilerine uygun olarak tasarlanm\u0131\u015f \u00e7\u00f6z\u00fcmlerimizle <strong data-start=\"2185\" data-end=\"2234\">g\u00fcvenli depolaman\u0131n standard\u0131n\u0131 y\u00fckseltiyoruz<\/strong>.<\/p>\t\t\t\t\t\t\t\t<\/div>\n\t\t\t\t<\/div>\n\t\t\t\t\t<\/div>\n\t\t\t\t<\/div>\n\t\t\t\t<\/div>\n\t\t","protected":false},"excerpt":{"rendered":"<p>Silo S\u0131cakl\u0131k \u00d6l\u00e7\u00fcm Sistemleri Depolamada Kalite G\u00fcvencesi Yerli Teknolojiyle M\u00fcmk\u00fcn S\u0131cakl\u0131k de\u011fi\u015fimleri; silo i\u00e7erisindeki tah\u0131l, yem ve benzeri \u00fcr\u00fcnlerin kalitesini do\u011frudan etkiler. Erken tespit edilemeyen s\u0131cakl\u0131k art\u0131\u015flar\u0131; k\u00fcf, b\u00f6ceklenme ve \u00fcr\u00fcn kayb\u0131 gibi ciddi sorunlara yol a\u00e7abilir. OnAl Otomasyon ve Yaz\u0131l\u0131m olarak geli\u015ftirdi\u011fimiz yerli ve milli s\u0131cakl\u0131k \u00f6l\u00e7\u00fcm sistemleri, silo i\u00e7indeki s\u0131cakl\u0131k de\u011ferlerini katman katman [&hellip;]<\/p>\n","protected":false},"author":1,"featured_media":0,"parent":520,"menu_order":0,"comment_status":"closed","ping_status":"closed","template":"","meta":{"_monsterinsights_skip_tracking":false,"_monsterinsights_sitenote_active":false,"_monsterinsights_sitenote_note":"","_monsterinsights_sitenote_category":0,"footnotes":""},"class_list":["post-401","page","type-page","status-publish","hentry"],"aioseo_notices":[],"_links":{"self":[{"href":"https:\/\/onalotomasyon.com\/index.php\/wp-json\/wp\/v2\/pages\/401","targetHints":{"allow":["GET"]}}],"collection":[{"href":"https:\/\/onalotomasyon.com\/index.php\/wp-json\/wp\/v2\/pages"}],"about":[{"href":"https:\/\/onalotomasyon.com\/index.php\/wp-json\/wp\/v2\/types\/page"}],"author":[{"embeddable":true,"href":"https:\/\/onalotomasyon.com\/index.php\/wp-json\/wp\/v2\/users\/1"}],"replies":[{"embeddable":true,"href":"https:\/\/onalotomasyon.com\/index.php\/wp-json\/wp\/v2\/comments?post=401"}],"version-history":[{"count":5,"href":"https:\/\/onalotomasyon.com\/index.php\/wp-json\/wp\/v2\/pages\/401\/revisions"}],"predecessor-version":[{"id":439,"href":"https:\/\/onalotomasyon.com\/index.php\/wp-json\/wp\/v2\/pages\/401\/revisions\/439"}],"up":[{"embeddable":true,"href":"https:\/\/onalotomasyon.com\/index.php\/wp-json\/wp\/v2\/pages\/520"}],"wp:attachment":[{"href":"https:\/\/onalotomasyon.com\/index.php\/wp-json\/wp\/v2\/media?parent=401"}],"curies":[{"name":"wp","href":"https:\/\/api.w.org\/{rel}","templated":true}]}}