{"id":396,"date":"2025-04-16T11:10:44","date_gmt":"2025-04-16T08:10:44","guid":{"rendered":"https:\/\/onalotomasyon.com\/?page_id=396"},"modified":"2025-04-16T18:11:40","modified_gmt":"2025-04-16T15:11:40","slug":"silootomasyonsistemleri","status":"publish","type":"page","link":"https:\/\/onalotomasyon.com\/index.php\/hizmetlerimiz\/silootomasyonsistemleri\/","title":{"rendered":"Silo Otomasyon Sistemleri"},"content":{"rendered":"\t\t<div data-elementor-type=\"wp-page\" data-elementor-id=\"396\" class=\"elementor elementor-396\">\n\t\t\t\t<div class=\"elementor-element elementor-element-a167ec5 e-flex e-con-boxed e-con e-parent\" data-id=\"a167ec5\" data-element_type=\"container\" data-e-type=\"container\">\n\t\t\t\t\t<div class=\"e-con-inner\">\n\t\t\t\t<div class=\"elementor-element elementor-element-5f16003 elementor-widget elementor-widget-image\" data-id=\"5f16003\" data-element_type=\"widget\" data-e-type=\"widget\" data-widget_type=\"image.default\">\n\t\t\t\t<div class=\"elementor-widget-container\">\n\t\t\t\t\t\t\t\t\t\t\t\t\t\t\t<img fetchpriority=\"high\" decoding=\"async\" width=\"768\" height=\"434\" src=\"https:\/\/onalotomasyon.com\/wp-content\/uploads\/2025\/04\/silootomasyon2-768x434.png\" class=\"attachment-medium_large size-medium_large wp-image-440\" alt=\"OnAl Otomasyon | Silo Seviye Tespit Sistemleri\" srcset=\"https:\/\/onalotomasyon.com\/wp-content\/uploads\/2025\/04\/silootomasyon2-768x434.png 768w, https:\/\/onalotomasyon.com\/wp-content\/uploads\/2025\/04\/silootomasyon2-300x170.png 300w, https:\/\/onalotomasyon.com\/wp-content\/uploads\/2025\/04\/silootomasyon2-1024x579.png 1024w, https:\/\/onalotomasyon.com\/wp-content\/uploads\/2025\/04\/silootomasyon2.png 1472w\" sizes=\"(max-width: 768px) 100vw, 768px\" \/>\t\t\t\t\t\t\t\t\t\t\t\t\t\t\t<\/div>\n\t\t\t\t<\/div>\n\t\t\t\t\t<\/div>\n\t\t\t\t<\/div>\n\t\t<div class=\"elementor-element elementor-element-7a16150 e-flex e-con-boxed e-con e-parent\" data-id=\"7a16150\" data-element_type=\"container\" data-e-type=\"container\">\n\t\t\t\t\t<div class=\"e-con-inner\">\n\t\t\t\t<div class=\"elementor-element elementor-element-c403232 elementor-widget elementor-widget-text-editor\" data-id=\"c403232\" data-element_type=\"widget\" data-e-type=\"widget\" data-widget_type=\"text-editor.default\">\n\t\t\t\t<div class=\"elementor-widget-container\">\n\t\t\t\t\t\t\t\t\t<h1 data-start=\"214\" data-end=\"242\">Silo Otomasyon Sistemleri<\/h1><p class=\"\" data-start=\"244\" data-end=\"664\"><strong data-start=\"244\" data-end=\"273\">OnAl Otomasyon ve Yaz\u0131l\u0131m<\/strong> olarak tah\u0131l, yem ve un gibi d\u00f6kme \u00fcr\u00fcnlerin depolanmas\u0131nda y\u00fcksek verimlilik ve g\u00fcvenlik sa\u011flayan entegre silo otomasyon \u00e7\u00f6z\u00fcmleri sunuyoruz. Sistemlerimiz; silo doluluk oranlar\u0131, s\u0131cakl\u0131k de\u011ferleri, nem seviyesi gibi kritik verileri anl\u0131k olarak izleyerek gerekti\u011finde otomatik m\u00fcdahaleler yap\u0131lmas\u0131na olanak tan\u0131r. Bu sayede \u00fcr\u00fcn kalitesini korurken, i\u015fletme verimlili\u011fini art\u0131r\u0131yoruz.<\/p><h1 data-start=\"666\" data-end=\"681\">Neden OnAl?<\/h1><ul><li data-start=\"685\" data-end=\"893\"><strong data-start=\"685\" data-end=\"711\">Milli ve Yerli \u00dcretim:<\/strong> Sistemlerimiz, T\u00fcrkiye&#8217;nin m\u00fchendislik g\u00fcc\u00fcn\u00fc yans\u0131tan yerli yaz\u0131l\u0131m ve donan\u0131mlarla geli\u015ftirilmi\u015ftir. Yabanc\u0131 \u00fcr\u00fcnlere olan ba\u011f\u0131ml\u0131l\u0131\u011f\u0131 azaltarak milli ekonomiye katk\u0131 sa\u011fl\u0131yoruz.<\/li><li data-start=\"897\" data-end=\"1013\"><strong data-start=\"897\" data-end=\"927\">Kullan\u0131c\u0131 Dostu Aray\u00fczler:<\/strong> Operat\u00f6rlerin kolayca anlay\u0131p kullanabilece\u011fi, sade ve etkili aray\u00fczler tasarl\u0131yoruz.<\/li><li data-start=\"1017\" data-end=\"1145\"><strong data-start=\"1017\" data-end=\"1050\">Esnek ve \u00d6l\u00e7eklenebilir Yap\u0131:<\/strong> \u0130\u015fletmenizin b\u00fcy\u00fckl\u00fc\u011f\u00fcne ve ihtiya\u00e7lar\u0131na g\u00f6re \u00f6zelle\u015ftirilebilen mod\u00fcler sistemler sunuyoruz.<\/li><li data-start=\"1149\" data-end=\"1274\"><strong data-start=\"1149\" data-end=\"1172\">Enerji Verimlili\u011fi:<\/strong> Ak\u0131ll\u0131 kontrol algoritmalar\u0131m\u0131z sayesinde enerji t\u00fcketimini optimize ediyor, maliyetleri d\u00fc\u015f\u00fcr\u00fcyoruz.<\/li><li data-start=\"1278\" data-end=\"1430\"><strong data-start=\"1278\" data-end=\"1300\">Entegre Sistemler:<\/strong> Mevcut ERP, MES ve di\u011fer otomasyon sistemlerinizle uyumlu \u00e7al\u0131\u015farak t\u00fcm s\u00fcre\u00e7lerinizi tek bir platformda y\u00f6netmenizi sa\u011fl\u0131yoruz.<\/li><\/ul><h1 data-start=\"1432\" data-end=\"1471\">Ak\u0131ll\u0131 Silo Teknolojisi ile Tan\u0131\u015f\u0131n<\/h1><p class=\"\" data-start=\"1473\" data-end=\"1808\">Sistemlerimiz; d\u00fcnya genelinde kullan\u0131lan ak\u0131ll\u0131 silo teknolojileriyle benzer \u015fekilde, t\u00fcm y\u00f6netim alt sistemlerini birle\u015ftirerek entegre bir kontrol sa\u011flar. Bu sayede \u00fcr\u00fcn kabul\u00fcnden sevkiyata kadar t\u00fcm s\u00fcre\u00e7ler otomatikle\u015ftirilir, insan hatalar\u0131 minimize edilir ve \u00fcretim kesintisiz devam eder.<\/p><h1 data-start=\"1810\" data-end=\"1847\">Kalite ve G\u00fcvenlik \u00d6nceli\u011fimizdir<\/h1><ul><li data-start=\"1851\" data-end=\"1972\"><strong data-start=\"1851\" data-end=\"1877\">Ger\u00e7ek Zamanl\u0131 \u0130zleme:<\/strong> S\u0131cakl\u0131k, nem ve CO\u2082 seviyeleri gibi parametreleri s\u00fcrekli izleyerek \u00fcr\u00fcn kalitesini koruruz.<\/li><li data-start=\"1976\" data-end=\"2103\"><strong data-start=\"1976\" data-end=\"2003\">Erken Uyar\u0131 Sistemleri:<\/strong> Olas\u0131 ar\u0131zalar\u0131 \u00f6nceden tespit ederek bak\u0131m maliyetlerini azalt\u0131r ve sistem g\u00fcvenli\u011fini art\u0131r\u0131r\u0131z.<\/li><li data-start=\"2107\" data-end=\"2238\"><strong data-start=\"2107\" data-end=\"2137\">Veri Analizi ve Raporlama:<\/strong> Toplanan verileri analiz ederek i\u015fletmenizin performans\u0131n\u0131 s\u00fcrekli iyile\u015ftirmenize yard\u0131mc\u0131 oluruz.<\/li><\/ul>\t\t\t\t\t\t\t\t<\/div>\n\t\t\t\t<\/div>\n\t\t\t\t\t<\/div>\n\t\t\t\t<\/div>\n\t\t\t\t<\/div>\n\t\t","protected":false},"excerpt":{"rendered":"<p>Silo Otomasyon Sistemleri OnAl Otomasyon ve Yaz\u0131l\u0131m olarak tah\u0131l, yem ve un gibi d\u00f6kme \u00fcr\u00fcnlerin depolanmas\u0131nda y\u00fcksek verimlilik ve g\u00fcvenlik sa\u011flayan entegre silo otomasyon \u00e7\u00f6z\u00fcmleri sunuyoruz. Sistemlerimiz; silo doluluk oranlar\u0131, s\u0131cakl\u0131k de\u011ferleri, nem seviyesi gibi kritik verileri anl\u0131k olarak izleyerek gerekti\u011finde otomatik m\u00fcdahaleler yap\u0131lmas\u0131na olanak tan\u0131r. Bu sayede \u00fcr\u00fcn kalitesini korurken, i\u015fletme verimlili\u011fini art\u0131r\u0131yoruz. Neden [&hellip;]<\/p>\n","protected":false},"author":1,"featured_media":0,"parent":520,"menu_order":0,"comment_status":"closed","ping_status":"closed","template":"","meta":{"_monsterinsights_skip_tracking":false,"_monsterinsights_sitenote_active":false,"_monsterinsights_sitenote_note":"","_monsterinsights_sitenote_category":0,"footnotes":""},"class_list":["post-396","page","type-page","status-publish","hentry"],"aioseo_notices":[],"_links":{"self":[{"href":"https:\/\/onalotomasyon.com\/index.php\/wp-json\/wp\/v2\/pages\/396","targetHints":{"allow":["GET"]}}],"collection":[{"href":"https:\/\/onalotomasyon.com\/index.php\/wp-json\/wp\/v2\/pages"}],"about":[{"href":"https:\/\/onalotomasyon.com\/index.php\/wp-json\/wp\/v2\/types\/page"}],"author":[{"embeddable":true,"href":"https:\/\/onalotomasyon.com\/index.php\/wp-json\/wp\/v2\/users\/1"}],"replies":[{"embeddable":true,"href":"https:\/\/onalotomasyon.com\/index.php\/wp-json\/wp\/v2\/comments?post=396"}],"version-history":[{"count":8,"href":"https:\/\/onalotomasyon.com\/index.php\/wp-json\/wp\/v2\/pages\/396\/revisions"}],"predecessor-version":[{"id":443,"href":"https:\/\/onalotomasyon.com\/index.php\/wp-json\/wp\/v2\/pages\/396\/revisions\/443"}],"up":[{"embeddable":true,"href":"https:\/\/onalotomasyon.com\/index.php\/wp-json\/wp\/v2\/pages\/520"}],"wp:attachment":[{"href":"https:\/\/onalotomasyon.com\/index.php\/wp-json\/wp\/v2\/media?parent=396"}],"curies":[{"name":"wp","href":"https:\/\/api.w.org\/{rel}","templated":true}]}}